{"id":589,"date":"2020-10-31T01:12:38","date_gmt":"2020-10-31T01:12:38","guid":{"rendered":"http:\/\/www.penzionsvatava.cz\/?page_id=589"},"modified":"2025-06-30T22:37:22","modified_gmt":"2025-06-30T20:37:22","slug":"uvodni-stranka","status":"publish","type":"page","link":"https:\/\/www.penzionsvatava.cz\/uvodni-stranka\/","title":{"rendered":"\u00davodn\u00ed str\u00e1nka"},"content":{"rendered":"\t\t<div data-elementor-type=\"wp-page\" data-elementor-id=\"589\" class=\"elementor elementor-589\">\n\t\t\t\t\t\t<section class=\"elementor-section elementor-top-section elementor-element elementor-element-a05ab8d elementor-section-boxed elementor-section-height-default elementor-section-height-default\" data-id=\"a05ab8d\" data-element_type=\"section\" data-e-type=\"section\">\n\t\t\t\t\t\t<div class=\"elementor-container elementor-column-gap-default\">\n\t\t\t\t\t<div class=\"elementor-column elementor-col-100 elementor-top-column elementor-element elementor-element-e2d95d1\" data-id=\"e2d95d1\" data-element_type=\"column\" data-e-type=\"column\">\n\t\t\t<div class=\"elementor-widget-wrap elementor-element-populated\">\n\t\t\t\t\t\t<div class=\"elementor-element elementor-element-b864d66 elementor-widget elementor-widget-text-editor\" data-id=\"b864d66\" data-element_type=\"widget\" data-e-type=\"widget\" data-widget_type=\"text-editor.default\">\n\t\t\t\t<div class=\"elementor-widget-container\">\n\t\t\t\t\t\t\t\t\t<p style=\"box-sizing: inherit; font-size: 15px; font-style: normal; caret-color: #3a3a3a; color: #3a3a3a; font-family: -apple-system, BlinkMacSystemFont, 'Segoe UI', Roboto, Oxygen-Sans, Ubuntu, Cantarell, 'Helvetica Neue', sans-serif; text-align: center;\">Penzion Svatava nab\u00edz\u00ed ubytov\u00e1n\u00ed ve Vratimov\u011b u Ostravy, v klidn\u00e9 \u010d\u00e1sti m\u011bsta.<\/p><p style=\"box-sizing: inherit; font-size: 15px; font-style: normal; caret-color: #3a3a3a; color: #3a3a3a; font-family: -apple-system, BlinkMacSystemFont, 'Segoe UI', Roboto, Oxygen-Sans, Ubuntu, Cantarell, 'Helvetica Neue', sans-serif; text-align: center;\">N\u00e1\u0161 penzion byl otev\u0159en v roce 2018 a proto V\u00e1m m\u016f\u017eeme nab\u00eddnout kvalitn\u00ed ubytov\u00e1n\u00ed v modern\u011b za\u0159\u00edzen\u00fdch pokoj\u00edch. Nab\u00edz\u00edme jednol\u016f\u017ekov\u00e9 a dvoul\u016f\u017ekov\u00e9 pokoje se soci\u00e1ln\u00edm za\u0159\u00edzen\u00edm vhodn\u00e9 jak pro jednotlivce nebo p\u00e1ry, tak pro celou rodinu. M\u016f\u017eete u n\u00e1s str\u00e1vit pohodovou dovolenou, v\u00edkend nebo pracovn\u00ed cestu.<\/p>\t\t\t\t\t\t\t\t<\/div>\n\t\t\t\t<\/div>\n\t\t\t\t\t<\/div>\n\t\t<\/div>\n\t\t\t\t\t<\/div>\n\t\t<\/section>\n\t\t\t\t<section class=\"elementor-section elementor-top-section elementor-element elementor-element-2a1d0f2 elementor-section-boxed elementor-section-height-default elementor-section-height-default\" data-id=\"2a1d0f2\" data-element_type=\"section\" data-e-type=\"section\">\n\t\t\t\t\t\t<div class=\"elementor-container elementor-column-gap-default\">\n\t\t\t\t\t<div class=\"elementor-column elementor-col-100 elementor-top-column elementor-element elementor-element-116d5b3\" data-id=\"116d5b3\" data-element_type=\"column\" data-e-type=\"column\">\n\t\t\t<div class=\"elementor-widget-wrap elementor-element-populated\">\n\t\t\t\t\t\t<div class=\"elementor-element elementor-element-fe56591 elementor-arrows-position-inside elementor-pagination-position-outside elementor-widget elementor-widget-image-carousel\" data-id=\"fe56591\" data-element_type=\"widget\" data-e-type=\"widget\" data-settings=\"{&quot;pause_on_hover&quot;:&quot;no&quot;,&quot;pause_on_interaction&quot;:&quot;no&quot;,&quot;slides_to_show&quot;:&quot;3&quot;,&quot;slides_to_show_tablet&quot;:&quot;3&quot;,&quot;slides_to_show_mobile&quot;:&quot;3&quot;,&quot;slides_to_scroll&quot;:&quot;1&quot;,&quot;slides_to_scroll_tablet&quot;:&quot;1&quot;,&quot;slides_to_scroll_mobile&quot;:&quot;1&quot;,&quot;navigation&quot;:&quot;both&quot;,&quot;autoplay&quot;:&quot;yes&quot;,&quot;autoplay_speed&quot;:5000,&quot;infinite&quot;:&quot;yes&quot;,&quot;speed&quot;:500}\" data-widget_type=\"image-carousel.default\">\n\t\t\t\t<div class=\"elementor-widget-container\">\n\t\t\t\t\t\t\t<div class=\"elementor-image-carousel-wrapper swiper\" role=\"region\" aria-roledescription=\"carousel\" aria-label=\"Obr\u00e1zkov\u00fd koloto\u010d\" dir=\"ltr\">\n\t\t\t<div class=\"elementor-image-carousel swiper-wrapper swiper-image-stretch\" aria-live=\"off\">\n\t\t\t\t\t\t\t\t<div class=\"swiper-slide\" role=\"group\" aria-roledescription=\"slide\" aria-label=\"1 z 6\"><figure class=\"swiper-slide-inner\"><img decoding=\"async\" class=\"swiper-slide-image\" src=\"https:\/\/www.penzionsvatava.cz\/wp-content\/uploads\/2020\/07\/133737931-1024x768.jpg\" alt=\"PenzionSvatava-01\" \/><\/figure><\/div><div class=\"swiper-slide\" role=\"group\" aria-roledescription=\"slide\" aria-label=\"2 z 6\"><figure class=\"swiper-slide-inner\"><img decoding=\"async\" class=\"swiper-slide-image\" src=\"https:\/\/www.penzionsvatava.cz\/wp-content\/uploads\/2020\/10\/03-FB-uvod-1024x768.jpg\" alt=\"03-FB-uvod\" \/><\/figure><\/div><div class=\"swiper-slide\" role=\"group\" aria-roledescription=\"slide\" aria-label=\"3 z 6\"><figure class=\"swiper-slide-inner\"><img decoding=\"async\" class=\"swiper-slide-image\" src=\"https:\/\/www.penzionsvatava.cz\/wp-content\/uploads\/2020\/10\/06-IMG_8443-1024x768.jpg\" alt=\"06-IMG_8443\" \/><\/figure><\/div><div class=\"swiper-slide\" role=\"group\" aria-roledescription=\"slide\" aria-label=\"4 z 6\"><figure class=\"swiper-slide-inner\"><img decoding=\"async\" class=\"swiper-slide-image\" src=\"https:\/\/www.penzionsvatava.cz\/wp-content\/uploads\/2020\/10\/10-IMG_9915-1024x768.jpg\" alt=\"10-IMG_9915\" \/><\/figure><\/div><div class=\"swiper-slide\" role=\"group\" aria-roledescription=\"slide\" aria-label=\"5 z 6\"><figure class=\"swiper-slide-inner\"><img decoding=\"async\" class=\"swiper-slide-image\" src=\"https:\/\/www.penzionsvatava.cz\/wp-content\/uploads\/2020\/10\/16-IMG_2363-1024x768.jpg\" alt=\"16-IMG_2363\" \/><\/figure><\/div><div class=\"swiper-slide\" role=\"group\" aria-roledescription=\"slide\" aria-label=\"6 z 6\"><figure class=\"swiper-slide-inner\"><img decoding=\"async\" class=\"swiper-slide-image\" src=\"https:\/\/www.penzionsvatava.cz\/wp-content\/uploads\/2020\/10\/09-IMG_2467-1024x768.jpg\" alt=\"09-IMG_2467\" \/><\/figure><\/div>\t\t\t<\/div>\n\t\t\t\t\t\t\t\t\t\t\t\t<div class=\"elementor-swiper-button elementor-swiper-button-prev\" role=\"button\" tabindex=\"0\">\n\t\t\t\t\t\t<i aria-hidden=\"true\" class=\"eicon-chevron-left\"><\/i>\t\t\t\t\t<\/div>\n\t\t\t\t\t<div class=\"elementor-swiper-button elementor-swiper-button-next\" role=\"button\" tabindex=\"0\">\n\t\t\t\t\t\t<i aria-hidden=\"true\" class=\"eicon-chevron-right\"><\/i>\t\t\t\t\t<\/div>\n\t\t\t\t\n\t\t\t\t\t\t\t\t\t<div class=\"swiper-pagination\"><\/div>\n\t\t\t\t\t\t\t\t\t<\/div>\n\t\t\t\t\t\t<\/div>\n\t\t\t\t<\/div>\n\t\t\t\t\t<\/div>\n\t\t<\/div>\n\t\t\t\t\t<\/div>\n\t\t<\/section>\n\t\t\t\t<\/div>\n\t\t","protected":false},"excerpt":{"rendered":"<p>Penzion Svatava nab\u00edz\u00ed ubytov\u00e1n\u00ed ve Vratimov\u011b u Ostravy, v klidn\u00e9 \u010d\u00e1sti m\u011bsta. N\u00e1\u0161 penzion byl otev\u0159en v roce 2018 a proto V\u00e1m m\u016f\u017eeme nab\u00eddnout kvalitn\u00ed&hellip;<\/p>\n","protected":false},"author":1,"featured_media":0,"parent":0,"menu_order":0,"comment_status":"closed","ping_status":"closed","template":"","meta":{"footnotes":""},"class_list":["post-589","page","type-page","status-publish","hentry"],"_links":{"self":[{"href":"https:\/\/www.penzionsvatava.cz\/uvodni-stranka\/wp-json\/wp\/v2\/pages\/589","targetHints":{"allow":["GET"]}}],"collection":[{"href":"https:\/\/www.penzionsvatava.cz\/uvodni-stranka\/wp-json\/wp\/v2\/pages"}],"about":[{"href":"https:\/\/www.penzionsvatava.cz\/uvodni-stranka\/wp-json\/wp\/v2\/types\/page"}],"author":[{"embeddable":true,"href":"https:\/\/www.penzionsvatava.cz\/uvodni-stranka\/wp-json\/wp\/v2\/users\/1"}],"replies":[{"embeddable":true,"href":"https:\/\/www.penzionsvatava.cz\/uvodni-stranka\/wp-json\/wp\/v2\/comments?post=589"}],"version-history":[{"count":50,"href":"https:\/\/www.penzionsvatava.cz\/uvodni-stranka\/wp-json\/wp\/v2\/pages\/589\/revisions"}],"predecessor-version":[{"id":887,"href":"https:\/\/www.penzionsvatava.cz\/uvodni-stranka\/wp-json\/wp\/v2\/pages\/589\/revisions\/887"}],"wp:attachment":[{"href":"https:\/\/www.penzionsvatava.cz\/uvodni-stranka\/wp-json\/wp\/v2\/media?parent=589"}],"curies":[{"name":"wp","href":"https:\/\/api.w.org\/{rel}","templated":true}]}}