{"id":677,"date":"2020-10-31T21:21:04","date_gmt":"2020-10-31T21:21:04","guid":{"rendered":"http:\/\/www.penzionsvatava.cz\/uvodni-stranka\/?page_id=677"},"modified":"2025-06-29T00:43:33","modified_gmt":"2025-06-28T22:43:33","slug":"kontakty","status":"publish","type":"page","link":"https:\/\/www.penzionsvatava.cz\/uvodni-stranka\/kontakty\/","title":{"rendered":"Kontakty"},"content":{"rendered":"\t\t<div data-elementor-type=\"wp-page\" data-elementor-id=\"677\" class=\"elementor elementor-677\">\n\t\t\t\t\t\t<section class=\"elementor-section elementor-top-section elementor-element elementor-element-89830e8 elementor-section-boxed elementor-section-height-default elementor-section-height-default\" data-id=\"89830e8\" data-element_type=\"section\" data-e-type=\"section\">\n\t\t\t\t\t\t<div class=\"elementor-container elementor-column-gap-default\">\n\t\t\t\t\t<div class=\"elementor-column elementor-col-100 elementor-top-column elementor-element elementor-element-f3e1d83\" data-id=\"f3e1d83\" data-element_type=\"column\" data-e-type=\"column\">\n\t\t\t<div class=\"elementor-widget-wrap elementor-element-populated\">\n\t\t\t\t\t\t<div class=\"elementor-element elementor-element-1f1a038 elementor-widget elementor-widget-shortcode\" data-id=\"1f1a038\" data-element_type=\"widget\" data-e-type=\"widget\" data-widget_type=\"shortcode.default\">\n\t\t\t\t<div class=\"elementor-widget-container\">\n\t\t\t\t\t\t\t<div class=\"elementor-shortcode\"><div  data-pre_filled=\"Dobr\u00fd den,\r\nm\u00e1m z\u00e1jem o ubytov\u00e1n\u00ed ve Va\u0161em penzionu v term\u00ednu:\" data-style=\"4\" style=\"display: inline; cursor: pointer; z-index: 99999999; \" class=\"ht-ctc-sc ht-ctc-sc-chat sc-style-4 ht-ctc-inline\">\n    <div class=\"ctc_chip ctc-analytics ctc_cta\" style=\"display:inline-flex;;justify-content:center;align-items:center;background-color:#e4e4e4;color:#7f7d7d;padding:0 12px;border-radius:25px;font-size:13px;line-height:32px;\">\n        <span style=\"margin:0 8px 0 -12px;;order:0;\"><svg style=\"pointer-events:none; display: block; height:32px; width:32px;\" width=\"32px\" height=\"32px\" viewBox=\"0 0 1219.547 1225.016\">\n            <path style=\"fill: #E0E0E0;\" fill=\"#E0E0E0\" d=\"M1041.858 178.02C927.206 63.289 774.753.07 612.325 0 277.617 0 5.232 272.298 5.098 606.991c-.039 106.986 27.915 211.42 81.048 303.476L0 1225.016l321.898-84.406c88.689 48.368 188.547 73.855 290.166 73.896h.258.003c334.654 0 607.08-272.346 607.222-607.023.056-162.208-63.052-314.724-177.689-429.463zm-429.533 933.963h-.197c-90.578-.048-179.402-24.366-256.878-70.339l-18.438-10.93-191.021 50.083 51-186.176-12.013-19.087c-50.525-80.336-77.198-173.175-77.16-268.504.111-278.186 226.507-504.503 504.898-504.503 134.812.056 261.519 52.604 356.814 147.965 95.289 95.36 147.728 222.128 147.688 356.948-.118 278.195-226.522 504.543-504.693 504.543z\"\/>\n            <linearGradient id=\"htwaicona-chat-sc\" gradientUnits=\"userSpaceOnUse\" x1=\"609.77\" y1=\"1190.114\" x2=\"609.77\" y2=\"21.084\">\n                <stop offset=\"0\" stop-color=\"#20b038\"\/>\n                <stop offset=\"1\" stop-color=\"#60d66a\"\/>\n            <\/linearGradient>\n            <path style=\"fill: url(#htwaicona-chat-sc);\" fill=\"url(#htwaicona-chat-sc)\" d=\"M27.875 1190.114l82.211-300.18c-50.719-87.852-77.391-187.523-77.359-289.602.133-319.398 260.078-579.25 579.469-579.25 155.016.07 300.508 60.398 409.898 169.891 109.414 109.492 169.633 255.031 169.57 409.812-.133 319.406-260.094 579.281-579.445 579.281-.023 0 .016 0 0 0h-.258c-96.977-.031-192.266-24.375-276.898-70.5l-307.188 80.548z\"\/>\n            <image overflow=\"visible\" opacity=\".08\" width=\"682\" height=\"639\" transform=\"translate(270.984 291.372)\"\/>\n            <path fill-rule=\"evenodd\" clip-rule=\"evenodd\" style=\"fill: #FFFFFF;\" fill=\"#FFF\" d=\"M462.273 349.294c-11.234-24.977-23.062-25.477-33.75-25.914-8.742-.375-18.75-.352-28.742-.352-10 0-26.25 3.758-39.992 18.766-13.75 15.008-52.5 51.289-52.5 125.078 0 73.797 53.75 145.102 61.242 155.117 7.5 10 103.758 166.266 256.203 226.383 126.695 49.961 152.477 40.023 179.977 37.523s88.734-36.273 101.234-71.297c12.5-35.016 12.5-65.031 8.75-71.305-3.75-6.25-13.75-10-28.75-17.5s-88.734-43.789-102.484-48.789-23.75-7.5-33.75 7.516c-10 15-38.727 48.773-47.477 58.773-8.75 10.023-17.5 11.273-32.5 3.773-15-7.523-63.305-23.344-120.609-74.438-44.586-39.75-74.688-88.844-83.438-103.859-8.75-15-.938-23.125 6.586-30.602 6.734-6.719 15-17.508 22.5-26.266 7.484-8.758 9.984-15.008 14.984-25.008 5-10.016 2.5-18.773-1.25-26.273s-32.898-81.67-46.234-111.326z\"\/>\n            <path style=\"fill: #FFFFFF;\" fill=\"#FFF\" d=\"M1036.898 176.091C923.562 62.677 772.859.185 612.297.114 281.43.114 12.172 269.286 12.039 600.137 12 705.896 39.633 809.13 92.156 900.13L7 1211.067l318.203-83.438c87.672 47.812 186.383 73.008 286.836 73.047h.255.003c330.812 0 600.109-269.219 600.25-600.055.055-160.343-62.328-311.108-175.649-424.53zm-424.601 923.242h-.195c-89.539-.047-177.344-24.086-253.93-69.531l-18.227-10.805-188.828 49.508 50.414-184.039-11.875-18.867c-49.945-79.414-76.312-171.188-76.273-265.422.109-274.992 223.906-498.711 499.102-498.711 133.266.055 258.516 52 352.719 146.266 94.195 94.266 146.031 219.578 145.992 352.852-.118 274.999-223.923 498.749-498.899 498.749z\"\/>\n        <\/svg><\/span>\n        <span>Napi\u0161te n\u00e1m nebo zavolejte<\/span>\n    <\/div>\n<\/div><\/div>\n\t\t\t\t\t\t<\/div>\n\t\t\t\t<\/div>\n\t\t\t\t<div class=\"elementor-element elementor-element-132525e elementor-widget elementor-widget-text-editor\" data-id=\"132525e\" data-element_type=\"widget\" data-e-type=\"widget\" data-widget_type=\"text-editor.default\">\n\t\t\t\t<div class=\"elementor-widget-container\">\n\t\t\t\t\t\t\t\t\tPenzion:\n<ul>\n \t<li>Adresa: <a href=\"https:\/\/mapy.cz\/zakladni?x=18.3395222&amp;y=49.7678793&amp;z=17&amp;source=addr&amp;id=11206391\" target=\"_blank\" rel=\"noopener\"><strong>K H\u00e1jence 1117,\u00a0739 32 Vratimov<\/strong><\/a><\/li>\n \t<li>GPS:\u00a0<strong><a href=\"https:\/\/mapy.cz\/s\/pozofegaja\">49.7678378N, 18.3395222E<\/a><\/strong><\/li>\n \t<li>Telefon:<strong> +420 736 712 511<\/strong><\/li>\n \t<li>E-mail: <strong><a tabindex=\"0\" role=\"link\" href=\"mailto:penzion.svatava@gmail.com\" target=\"_blank\" rel=\"noopener noreferrer\">penzion.svatava@gmail.com<\/a><\/strong><\/li>\n \t<li>Web: <strong><a tabindex=\"0\" role=\"link\" href=\"https:\/\/www.penzionsvatava.cz\" target=\"_blank\" rel=\"noopener noreferrer\">www.penzionsvatava.cz<\/a><\/strong><\/li>\n \t<li>I\u010c: 739 13 812<\/li>\n \t<li>Spojen\u00ed MHD s centrem Ostravy: <strong>autobus \u010d. 21 ze zast\u00e1vky Vratimov, D\u016fl\u0148\u00e1k (400m od penzionu) cca 20 min.<\/strong><\/li>\n \t<li>Spojen\u00ed vlakem: <strong>nejbli\u017e\u0161\u00ed vlakov\u00e1 zast\u00e1vka Ostrava &#8211; Bartovice (1,8km) a Vratimov &#8211; n\u00e1dra\u017e\u00ed (3,2km)<\/strong><\/li>\n \t<li>Spojen\u00ed autem: <strong>do centra Ostravy 10km<\/strong><\/li>\n<\/ul>\n<iframe style=\"border: none;\" src=\"https:\/\/frame.mapy.cz\/s\/nomeduseze\" width=\"700\" height=\"466\" frameborder=\"0\"><\/iframe>\n<p style=\"text-align: center;\">Na\u010dt\u011bte mapu mobiln\u00edm telefonem:<\/p>\n<img decoding=\"async\" class=\"wp-image-635 aligncenter\" src=\"http:\/\/www.penzionsvatava.cz\/wp-content\/uploads\/2020\/10\/mapycz-qr-300x300.png\" alt=\"\" width=\"170\" height=\"170\" srcset=\"https:\/\/www.penzionsvatava.cz\/wp-content\/uploads\/2020\/10\/mapycz-qr-300x300.png 300w, https:\/\/www.penzionsvatava.cz\/wp-content\/uploads\/2020\/10\/mapycz-qr-150x150.png 150w, https:\/\/www.penzionsvatava.cz\/wp-content\/uploads\/2020\/10\/mapycz-qr-100x100.png 100w, https:\/\/www.penzionsvatava.cz\/wp-content\/uploads\/2020\/10\/mapycz-qr.png 500w\" sizes=\"(max-width: 170px) 100vw, 170px\" \/>\n\nBooking.com:\n<ul>\n \t<li><strong><a href=\"https:\/\/www.booking.com\/hotel\/cz\/penzion-svatava.cs.html\" target=\"_blank\" rel=\"noopener noreferrer\">Penzion Svatava na Booking.com<\/a><\/strong><\/li>\n<\/ul>\nFacebook:\n<ul>\n \t<li><strong><a tabindex=\"0\" role=\"link\" href=\"https:\/\/www.facebook.com\/penzionsvatava\" target=\"_blank\" rel=\"noopener noreferrer\">www.facebook.com\/penzionsvatava<\/a><\/strong><iframe style=\"border: none; overflow: hidden;\" src=\"https:\/\/www.facebook.com\/plugins\/like.php?href=https%3A%2F%2Fwww.facebook.com%2Fpenzionsvatava%2F&amp;width=750&amp;layout=standard&amp;action=like&amp;size=large&amp;share=true&amp;height=45&amp;appId\" width=\"450\" height=\"75\" frameborder=\"0\" scrolling=\"no\"><\/iframe><\/li>\n<\/ul>\t\t\t\t\t\t\t\t<\/div>\n\t\t\t\t<\/div>\n\t\t\t\t\t<\/div>\n\t\t<\/div>\n\t\t\t\t\t<\/div>\n\t\t<\/section>\n\t\t\t\t<section class=\"elementor-section elementor-top-section elementor-element elementor-element-2c60393 elementor-section-boxed elementor-section-height-default elementor-section-height-default\" data-id=\"2c60393\" data-element_type=\"section\" data-e-type=\"section\">\n\t\t\t\t\t\t<div class=\"elementor-container elementor-column-gap-default\">\n\t\t\t\t\t<div class=\"elementor-column elementor-col-100 elementor-top-column elementor-element elementor-element-7f45f48\" data-id=\"7f45f48\" data-element_type=\"column\" data-e-type=\"column\">\n\t\t\t<div class=\"elementor-widget-wrap\">\n\t\t\t\t\t\t\t<\/div>\n\t\t<\/div>\n\t\t\t\t\t<\/div>\n\t\t<\/section>\n\t\t\t\t<\/div>\n\t\t","protected":false},"excerpt":{"rendered":"<p>Penzion: Adresa: K H\u00e1jence 1117,\u00a0739 32 Vratimov GPS:\u00a049.7678378N, 18.3395222E Telefon: +420 736 712 511 E-mail: penzion.svatava@gmail.com Web: www.penzionsvatava.cz I\u010c: 739 13 812 Spojen\u00ed MHD s&hellip;<\/p>\n","protected":false},"author":1,"featured_media":0,"parent":0,"menu_order":0,"comment_status":"closed","ping_status":"closed","template":"","meta":{"footnotes":""},"class_list":["post-677","page","type-page","status-publish","hentry"],"_links":{"self":[{"href":"https:\/\/www.penzionsvatava.cz\/uvodni-stranka\/wp-json\/wp\/v2\/pages\/677","targetHints":{"allow":["GET"]}}],"collection":[{"href":"https:\/\/www.penzionsvatava.cz\/uvodni-stranka\/wp-json\/wp\/v2\/pages"}],"about":[{"href":"https:\/\/www.penzionsvatava.cz\/uvodni-stranka\/wp-json\/wp\/v2\/types\/page"}],"author":[{"embeddable":true,"href":"https:\/\/www.penzionsvatava.cz\/uvodni-stranka\/wp-json\/wp\/v2\/users\/1"}],"replies":[{"embeddable":true,"href":"https:\/\/www.penzionsvatava.cz\/uvodni-stranka\/wp-json\/wp\/v2\/comments?post=677"}],"version-history":[{"count":26,"href":"https:\/\/www.penzionsvatava.cz\/uvodni-stranka\/wp-json\/wp\/v2\/pages\/677\/revisions"}],"predecessor-version":[{"id":884,"href":"https:\/\/www.penzionsvatava.cz\/uvodni-stranka\/wp-json\/wp\/v2\/pages\/677\/revisions\/884"}],"wp:attachment":[{"href":"https:\/\/www.penzionsvatava.cz\/uvodni-stranka\/wp-json\/wp\/v2\/media?parent=677"}],"curies":[{"name":"wp","href":"https:\/\/api.w.org\/{rel}","templated":true}]}}