{"id":774,"date":"2020-11-03T18:42:53","date_gmt":"2020-11-03T18:42:53","guid":{"rendered":"http:\/\/www.penzionsvatava.cz\/uvodni-stranka\/?page_id=774"},"modified":"2020-11-23T00:25:29","modified_gmt":"2020-11-22T23:25:29","slug":"sluzby-v-okol","status":"publish","type":"page","link":"https:\/\/www.penzionsvatava.cz\/uvodni-stranka\/sluzby-v-okol\/","title":{"rendered":"Slu\u017eby v okol\u00ed"},"content":{"rendered":"<h2>Kryt\u00fd baz\u00e9n Je\u0161t\u011brka &#8211; 5km<\/h2>\n<h2>Relax centrum Vratimov &#8211; 1,7km<\/h2>\n<ul>\n<li>Bowling<\/li>\n<li>Wellness<\/li>\n<li>D\u0159ev\u011bn\u00e9 k\u00e1d\u011b<\/li>\n<\/ul>\n<h2>Potraviny<\/h2>\n<ul>\n<li>Prodejna &#8211; 400m<\/li>\n<li>Penny Market &#8211; 3km<\/li>\n<li>N\u00e1kupn\u00ed centrum Forum Nov\u00e1 Karol\u00edna &#8211; 11km<\/li>\n<li>Shoping park &#8211; 13km<\/li>\n<\/ul>\n<h2>Restaurace<\/h2>\n<ul>\n<li>Koliba &#8211; 400m<\/li>\n<li>Kafe poh\u00e1dka &#8211; 1,7km<\/li>\n<li>Roubenka u rybn\u00edka<\/li>\n<li>&#8230; a dal\u0161\u00ed restaurace ve Vratimov\u011b<\/li>\n<\/ul>\n<p>&nbsp;<\/p>\n","protected":false},"excerpt":{"rendered":"<p>Kryt\u00fd baz\u00e9n Je\u0161t\u011brka &#8211; 5km Relax centrum Vratimov &#8211; 1,7km Bowling Wellness D\u0159ev\u011bn\u00e9 k\u00e1d\u011b Potraviny Prodejna &#8211; 400m Penny Market &#8211; 3km N\u00e1kupn\u00ed centrum Forum&hellip;<\/p>\n","protected":false},"author":1,"featured_media":0,"parent":0,"menu_order":0,"comment_status":"closed","ping_status":"closed","template":"","meta":{"footnotes":""},"class_list":["post-774","page","type-page","status-publish","hentry"],"_links":{"self":[{"href":"https:\/\/www.penzionsvatava.cz\/uvodni-stranka\/wp-json\/wp\/v2\/pages\/774","targetHints":{"allow":["GET"]}}],"collection":[{"href":"https:\/\/www.penzionsvatava.cz\/uvodni-stranka\/wp-json\/wp\/v2\/pages"}],"about":[{"href":"https:\/\/www.penzionsvatava.cz\/uvodni-stranka\/wp-json\/wp\/v2\/types\/page"}],"author":[{"embeddable":true,"href":"https:\/\/www.penzionsvatava.cz\/uvodni-stranka\/wp-json\/wp\/v2\/users\/1"}],"replies":[{"embeddable":true,"href":"https:\/\/www.penzionsvatava.cz\/uvodni-stranka\/wp-json\/wp\/v2\/comments?post=774"}],"version-history":[{"count":4,"href":"https:\/\/www.penzionsvatava.cz\/uvodni-stranka\/wp-json\/wp\/v2\/pages\/774\/revisions"}],"predecessor-version":[{"id":812,"href":"https:\/\/www.penzionsvatava.cz\/uvodni-stranka\/wp-json\/wp\/v2\/pages\/774\/revisions\/812"}],"wp:attachment":[{"href":"https:\/\/www.penzionsvatava.cz\/uvodni-stranka\/wp-json\/wp\/v2\/media?parent=774"}],"curies":[{"name":"wp","href":"https:\/\/api.w.org\/{rel}","templated":true}]}}